{"id":7430,"date":"2021-09-10T13:42:51","date_gmt":"2021-09-10T13:42:51","guid":{"rendered":"https:\/\/www.russianartcollection.com\/product\/%d0%b7%d0%bb%d0%b0%d1%82%d0%bd%d0%b0-%d1%98%d0%b5%d1%81%d0%b5%d0%bd-%d0%bd%d0%b0-%d1%81%d0%b5%d0%bb%d1%83\/"},"modified":"2023-12-31T20:47:42","modified_gmt":"2023-12-31T20:47:42","slug":"%d0%b7%d0%bb%d0%b0%d1%82%d0%bd%d0%b0-%d1%98%d0%b5%d1%81%d0%b5%d0%bd-%d0%bd%d0%b0-%d1%81%d0%b5%d0%bb%d1%83","status":"publish","type":"product","link":"https:\/\/www.russianartcollection.com\/sr\/\u043f\u0440\u043e\u0438\u0437\u0432\u043e\u0434\/%d0%b7%d0%bb%d0%b0%d1%82%d0%bd%d0%b0-%d1%98%d0%b5%d1%81%d0%b5%d0%bd-%d0%bd%d0%b0-%d1%81%d0%b5%d0%bb%d1%83\/","title":{"rendered":"\u0417\u041b\u0410\u0422\u041d\u0410 \u0408\u0415\u0421\u0415\u041d \u041d\u0410 \u0421\u0415\u041b\u0423"},"content":{"rendered":"","protected":false},"excerpt":{"rendered":"<p><strong>\u0417\u0415\u041b\u0418\u041d\u0421\u041a\u0418 \u0412\u041b\u0410\u0414\u0418\u041c\u0418\u0420 \u041f\u0410\u0412\u041b\u041e\u0412\u0418\u0427<\/strong><br \/>\n(1894 \u2013 1943)<\/p>\n<p>\u0416\u0438\u0432\u0435\u043e \u0458\u0435 \u0443 \u0411\u0430\u043d\u0430\u0442\u0443, \u0443 \u0420\u0443\u0441\u043a\u043e\u043c \u0421\u0435\u043b\u0443.<\/p>\n<p>&nbsp;<\/p>\n<p><strong>\u0417\u041b\u0410\u0422\u041d\u0410 \u0408\u0415\u0421\u0415\u041d \u041d\u0410 \u0421\u0415\u041b\u0423<\/strong><br \/>\n\u041f\u043e\u0442\u043f\u0438\u0441 \u0443 \u0434\u043e\u045a\u0435\u043c \u0434\u0435\u0441\u043d\u043e\u043c \u0443\u0433\u043b\u0443<\/p>\n<p>\u0423\u0459\u0435 \u043d\u0430 \u043f\u043b\u0430\u0442\u043d\u0443<\/p>\n<p>70 x 100 \u0446\u043c<\/p>\n<p>&nbsp;<\/p>\n<p><strong>\u0418\u0417\u041b\u041e\u0416\u0411\u0415:<\/strong><\/p>\n<ul>\n<li>\u201c\u0421j\u0430j \u0440\u0443\u0441\u043a\u0438\u0445 \u0441\u043b\u0438\u043a\u0430\u0440\u0430\u201d \u0438\u0437 \u0437\u0431\u0438\u0440\u043a\u0435 \u0412\u043b\u0430\u0434\u0438\u043c\u0438\u0440\u0430 \u041f\u0435\u0448\u0438\u045b\u0430, \u0413\u0440\u0430\u0434\u0441\u043a\u0438 \u043c\u0443\u0437\u0435j \u0412\u0440\u0448\u0430\u0446, 22. \u0458\u0430\u043d\u0443\u0430\u0440 \u2013 13. \u043c\u0430\u0440\u0442 2022.<\/li>\n<li>\u0418\u0437\u043b\u043e\u0436\u0431\u0430 \u043f\u043e\u0432\u043e\u0434\u043e\u043c 90 \u0433\u043e\u0434\u0438\u043d\u0430 \u043e\u0434 \u043e\u0441\u043d\u0438\u0432\u0430\u045a\u0430 \u0420\u0443\u0441\u043a\u043e\u0433 \u0434\u043e\u043c\u0430 \u0443 \u0411\u0435\u043e\u0433\u0440\u0430\u0434\u0443 \u0438\u0437 \u0437\u0431\u0438\u0440\u043a\u0435 \u0412\u043b\u0430\u0434\u0438\u043c\u0438\u0440\u0430 \u041f\u0435\u0448\u0438\u045b\u0430, \u0420\u0443\u0441\u043a\u0438 \u0434\u043e\u043c \u0443 \u0411\u0435\u043e\u0433\u0440\u0430\u0434\u0443, 6.\u0430\u043f\u0440\u0438\u043b \u2013 31.\u043c\u0430j 2023.<\/li>\n<\/ul>\n<p>&nbsp;<\/p>\n<p><strong>\u041b\u0418\u0422\u0415\u0420\u0410\u0422\u0423\u0420\u0410:<\/strong><\/p>\n<ul>\n<li>\u041a\u0430\u0442\u0430\u043b\u043e\u0433 \u0438\u0437\u043b\u043e\u0436\u0431\u0435 \u201c\u0421j\u0430j \u0440\u0443\u0441\u043a\u0438\u0445 \u0441\u043b\u0438\u043a\u0430\u0440\u0430\u201d \u0438\u0437 \u0437\u0431\u0438\u0440\u043a\u0435 \u0412\u043b\u0430\u0434\u0438\u043c\u0438\u0440\u0430 \u041f\u0435\u0448\u0438\u045b\u0430, \u0413\u0440\u0430\u0434\u0441\u043a\u0438 \u043c\u0443\u0437\u0435j \u0412\u0440\u0448\u0430\u0446, 22. \u0458\u0430\u043d\u0443\u0430\u0440 \u2013 13. \u043c\u0430\u0440\u0442 2022. \u0418\u0437\u0434\u0430\u0432\u0430\u0447: \u0412\u043b\u0430\u0434\u0438\u043c\u0438\u0440 \u041f\u0435\u0448\u0438\u045b , \u0411\u0435\u043e\u0433\u0440\u0430\u0434, 2022. \u0420\u0435\u043f\u0440\u043e\u0434\u0443\u043a\u043e\u0432\u0430\u043d\u0430 \u043d\u0430 \u0441\u0442\u0440. 40.<\/li>\n<li>\u041a\u0430\u0442\u0430\u043b\u043e\u0433 \u0438\u0437\u043b\u043e\u0436\u0431\u0435 \u043f\u043e\u0432\u043e\u0434\u043e\u043c 90 \u0433\u043e\u0434\u0438\u043d\u0430 \u043e\u0434 \u043e\u0441\u043d\u0438\u0432\u0430\u045a\u0430 \u0420\u0443\u0441\u043a\u043e\u0433 \u0434\u043e\u043c\u0430 \u0443 \u0411\u0435\u043e\u0433\u0440\u0430\u0434\u0443 \u0438\u0437 \u0437\u0431\u0438\u0440\u043a\u0435 \u0412\u043b\u0430\u0434\u0438\u043c\u0438\u0440\u0430 \u041f\u0435\u0448\u0438\u045b\u0430, \u0420\u0443\u0441\u043a\u0438 \u0434\u043e\u043c \u0443 \u0411\u0435\u043e\u0433\u0440\u0430\u0434\u0443, 6.\u0430\u043f\u0440\u0438\u043b \u2013 31.\u043c\u0430j 2023.<\/li>\n<\/ul>\n<p>&nbsp;<\/p>\n<p>\u0421\u043b\u0438\u043a\u0435 \u0412\u043b\u0430\u0434\u0438\u043c\u0438\u0440\u0430 \u041f\u0430\u0432\u043b\u043e\u0432\u0438\u0447\u0430 \u0417\u0435\u043b\u0438\u043d\u0441\u043a\u043e\u0433 \u0441\u0442\u0438\u043b\u0441\u043a\u0438 \u0441\u0443 \u0431\u043b\u0438\u0441\u043a\u0435 \u0441\u0442\u0432\u0430\u0440\u0430\u043b\u0430\u0448\u0442\u0432\u0443 \u0438\u0437\u0432\u0430\u043d\u0440\u0435\u0434\u043d\u043e\u0433 \u0440\u0443\u0441\u043a\u043e\u0433 \u0443\u043c\u0435\u0442\u043d\u0438\u043a\u0430 \u0408\u0443\u043b\u0438\u0458\u0430 \u0408\u0443\u0459\u0435\u0432\u0438\u0447\u0430 \u041a\u043b\u0435\u0432\u0435\u0440\u0430 (1850 \u2013 1924).<\/p>\n<p>&nbsp;<\/p>\n<p><strong>\u041e\u0427\u0423\u0412\u0410\u041d\u041e\u0421\u0422:<\/strong><br \/>\n\u0421\u043b\u0438\u043a\u0430 \u0458\u0435 \u0443 \u043e\u0434\u043b\u0438\u0447\u043d\u043e\u043c \u0441\u0442\u0430\u045a\u0443.<\/p>\n<p>&nbsp;<\/p>\n<p>\u0426\u0435\u043d\u0430 \u043d\u0430 \u0443\u043f\u0438\u0442.<\/p>\n<p>&nbsp;<\/p>\n","protected":false},"featured_media":13961,"template":"","meta":[],"product_brand":[],"product_cat":[324],"product_tag":[284],"class_list":{"0":"post-7430","1":"product","2":"type-product","3":"status-publish","4":"has-post-thumbnail","6":"product_cat-324","7":"product_tag-284","9":"first","10":"instock","11":"shipping-taxable","12":"product-type-simple"},"yoast_head":"<!-- This site is optimized with the Yoast SEO plugin v26.3 - https:\/\/yoast.com\/wordpress\/plugins\/seo\/ -->\n<title>Zlatna jesen na selu - slikar Zelinski Vladimir Pavlovi\u010d<\/title>\n<meta name=\"description\" content=\"Slike Vladimira Pavlovi\u010da Zelinskog stilski su bliske stvarala\u0161tvu izvanrednog ruskog umetnika Julija Juljevi\u010da Klevera (1850 \u2013 1924)\" \/>\n<meta name=\"robots\" content=\"index, follow, max-snippet:-1, max-image-preview:large, max-video-preview:-1\" \/>\n<link rel=\"canonical\" href=\"https:\/\/www.russianartcollection.com\/\u043f\u0440\u043e\u0438\u0437\u0432\u043e\u0434\/\u0437\u043e\u043b\u043e\u0442\u0430\u044f-\u043e\u0441\u0435\u043d\u044c-\u0432-\u0434\u0435\u0440\u0435\u0432\u043d\u0435\/\" \/>\n<meta property=\"og:locale\" content=\"sr_RS\" \/>\n<meta property=\"og:type\" content=\"article\" \/>\n<meta property=\"og:title\" content=\"Zlatna jesen na selu - slikar Zelinski Vladimir Pavlovi\u010d\" \/>\n<meta property=\"og:description\" content=\"Slike Vladimira Pavlovi\u010da Zelinskog stilski su bliske stvarala\u0161tvu izvanrednog ruskog umetnika Julija Juljevi\u010da Klevera (1850 \u2013 1924)\" \/>\n<meta property=\"og:url\" content=\"https:\/\/www.russianartcollection.com\/\u043f\u0440\u043e\u0438\u0437\u0432\u043e\u0434\/\u0437\u043e\u043b\u043e\u0442\u0430\u044f-\u043e\u0441\u0435\u043d\u044c-\u0432-\u0434\u0435\u0440\u0435\u0432\u043d\u0435\/\" \/>\n<meta property=\"og:site_name\" content=\"Russian Art Collection\" \/>\n<meta property=\"article:modified_time\" content=\"2023-12-31T20:47:42+00:00\" \/>\n<meta property=\"og:image\" content=\"https:\/\/www.russianartcollection.com\/wp-content\/uploads\/2021\/09\/Zelinskij_Vladimir_Zolotaja_osenj-web-1024x1024.jpg\" \/>\n\t<meta property=\"og:image:width\" content=\"1024\" \/>\n\t<meta property=\"og:image:height\" content=\"1024\" \/>\n\t<meta property=\"og:image:type\" content=\"image\/jpeg\" \/>\n<meta name=\"twitter:card\" content=\"summary_large_image\" \/>\n<script type=\"application\/ld+json\" class=\"yoast-schema-graph\">{\"@context\":\"https:\/\/schema.org\",\"@graph\":[{\"@type\":\"WebPage\",\"@id\":\"https:\/\/www.russianartcollection.com\/\u043f\u0440\u043e\u0438\u0437\u0432\u043e\u0434\/%d0%b7%d0%be%d0%bb%d0%be%d1%82%d0%b0%d1%8f-%d0%be%d1%81%d0%b5%d0%bd%d1%8c-%d0%b2-%d0%b4%d0%b5%d1%80%d0%b5%d0%b2%d0%bd%d0%b5\/\",\"url\":\"https:\/\/www.russianartcollection.com\/\u043f\u0440\u043e\u0438\u0437\u0432\u043e\u0434\/%d0%b7%d0%be%d0%bb%d0%be%d1%82%d0%b0%d1%8f-%d0%be%d1%81%d0%b5%d0%bd%d1%8c-%d0%b2-%d0%b4%d0%b5%d1%80%d0%b5%d0%b2%d0%bd%d0%b5\/\",\"name\":\"Zlatna jesen na selu - slikar Zelinski Vladimir Pavlovi\u010d\",\"isPartOf\":{\"@id\":\"https:\/\/www.russianartcollection.com\/#website\"},\"primaryImageOfPage\":{\"@id\":\"https:\/\/www.russianartcollection.com\/\u043f\u0440\u043e\u0438\u0437\u0432\u043e\u0434\/%d0%b7%d0%be%d0%bb%d0%be%d1%82%d0%b0%d1%8f-%d0%be%d1%81%d0%b5%d0%bd%d1%8c-%d0%b2-%d0%b4%d0%b5%d1%80%d0%b5%d0%b2%d0%bd%d0%b5\/#primaryimage\"},\"image\":{\"@id\":\"https:\/\/www.russianartcollection.com\/\u043f\u0440\u043e\u0438\u0437\u0432\u043e\u0434\/%d0%b7%d0%be%d0%bb%d0%be%d1%82%d0%b0%d1%8f-%d0%be%d1%81%d0%b5%d0%bd%d1%8c-%d0%b2-%d0%b4%d0%b5%d1%80%d0%b5%d0%b2%d0%bd%d0%b5\/#primaryimage\"},\"thumbnailUrl\":\"https:\/\/www.russianartcollection.com\/wp-content\/uploads\/2021\/09\/Zelinskij_Vladimir_Zolotaja_osenj-web-scaled.jpg\",\"datePublished\":\"2021-09-10T13:42:51+00:00\",\"dateModified\":\"2023-12-31T20:47:42+00:00\",\"description\":\"Slike Vladimira Pavlovi\u010da Zelinskog stilski su bliske stvarala\u0161tvu izvanrednog ruskog umetnika Julija Juljevi\u010da Klevera (1850 \u2013 1924)\",\"breadcrumb\":{\"@id\":\"https:\/\/www.russianartcollection.com\/\u043f\u0440\u043e\u0438\u0437\u0432\u043e\u0434\/%d0%b7%d0%be%d0%bb%d0%be%d1%82%d0%b0%d1%8f-%d0%be%d1%81%d0%b5%d0%bd%d1%8c-%d0%b2-%d0%b4%d0%b5%d1%80%d0%b5%d0%b2%d0%bd%d0%b5\/#breadcrumb\"},\"inLanguage\":\"sr-RS\",\"potentialAction\":[{\"@type\":\"ReadAction\",\"target\":[\"https:\/\/www.russianartcollection.com\/\u043f\u0440\u043e\u0438\u0437\u0432\u043e\u0434\/%d0%b7%d0%be%d0%bb%d0%be%d1%82%d0%b0%d1%8f-%d0%be%d1%81%d0%b5%d0%bd%d1%8c-%d0%b2-%d0%b4%d0%b5%d1%80%d0%b5%d0%b2%d0%bd%d0%b5\/\"]}]},{\"@type\":\"ImageObject\",\"inLanguage\":\"sr-RS\",\"@id\":\"https:\/\/www.russianartcollection.com\/\u043f\u0440\u043e\u0438\u0437\u0432\u043e\u0434\/%d0%b7%d0%be%d0%bb%d0%be%d1%82%d0%b0%d1%8f-%d0%be%d1%81%d0%b5%d0%bd%d1%8c-%d0%b2-%d0%b4%d0%b5%d1%80%d0%b5%d0%b2%d0%bd%d0%b5\/#primaryimage\",\"url\":\"https:\/\/www.russianartcollection.com\/wp-content\/uploads\/2021\/09\/Zelinskij_Vladimir_Zolotaja_osenj-web-scaled.jpg\",\"contentUrl\":\"https:\/\/www.russianartcollection.com\/wp-content\/uploads\/2021\/09\/Zelinskij_Vladimir_Zolotaja_osenj-web-scaled.jpg\",\"width\":2560,\"height\":2560,\"caption\":\"\u0412\u043b\u0430\u0434\u0438\u043c\u0438\u0440 \u041f\u0430\u0432\u043b\u043e\u0432\u0438\u0447 \u0417\u0435\u043b\u0438\u043d\u0441\u043a\u0438\u0439\"},{\"@type\":\"BreadcrumbList\",\"@id\":\"https:\/\/www.russianartcollection.com\/\u043f\u0440\u043e\u0438\u0437\u0432\u043e\u0434\/%d0%b7%d0%be%d0%bb%d0%be%d1%82%d0%b0%d1%8f-%d0%be%d1%81%d0%b5%d0%bd%d1%8c-%d0%b2-%d0%b4%d0%b5%d1%80%d0%b5%d0%b2%d0%bd%d0%b5\/#breadcrumb\",\"itemListElement\":[{\"@type\":\"ListItem\",\"position\":1,\"name\":\"Home\",\"item\":\"https:\/\/www.russianartcollection.com\/sr\/\"},{\"@type\":\"ListItem\",\"position\":2,\"name\":\"Shop\",\"item\":\"https:\/\/www.russianartcollection.com\/sr\/shop\/\"},{\"@type\":\"ListItem\",\"position\":3,\"name\":\"\u0417\u041b\u0410\u0422\u041d\u0410 \u0408\u0415\u0421\u0415\u041d \u041d\u0410 \u0421\u0415\u041b\u0423\"}]},{\"@type\":\"WebSite\",\"@id\":\"https:\/\/www.russianartcollection.com\/#website\",\"url\":\"https:\/\/www.russianartcollection.com\/\",\"name\":\"Russian Art Collection\",\"description\":\"Russian Art Collection\",\"potentialAction\":[{\"@type\":\"SearchAction\",\"target\":{\"@type\":\"EntryPoint\",\"urlTemplate\":\"https:\/\/www.russianartcollection.com\/?s={search_term_string}\"},\"query-input\":{\"@type\":\"PropertyValueSpecification\",\"valueRequired\":true,\"valueName\":\"search_term_string\"}}],\"inLanguage\":\"sr-RS\"}]}<\/script>\n<!-- \/ Yoast SEO plugin. -->","yoast_head_json":{"title":"Zlatna jesen na selu - slikar Zelinski Vladimir Pavlovi\u010d","description":"Slike Vladimira Pavlovi\u010da Zelinskog stilski su bliske stvarala\u0161tvu izvanrednog ruskog umetnika Julija Juljevi\u010da Klevera (1850 \u2013 1924)","robots":{"index":"index","follow":"follow","max-snippet":"max-snippet:-1","max-image-preview":"max-image-preview:large","max-video-preview":"max-video-preview:-1"},"canonical":"https:\/\/www.russianartcollection.com\/\u043f\u0440\u043e\u0438\u0437\u0432\u043e\u0434\/\u0437\u043e\u043b\u043e\u0442\u0430\u044f-\u043e\u0441\u0435\u043d\u044c-\u0432-\u0434\u0435\u0440\u0435\u0432\u043d\u0435\/","og_locale":"sr_RS","og_type":"article","og_title":"Zlatna jesen na selu - slikar Zelinski Vladimir Pavlovi\u010d","og_description":"Slike Vladimira Pavlovi\u010da Zelinskog stilski su bliske stvarala\u0161tvu izvanrednog ruskog umetnika Julija Juljevi\u010da Klevera (1850 \u2013 1924)","og_url":"https:\/\/www.russianartcollection.com\/\u043f\u0440\u043e\u0438\u0437\u0432\u043e\u0434\/\u0437\u043e\u043b\u043e\u0442\u0430\u044f-\u043e\u0441\u0435\u043d\u044c-\u0432-\u0434\u0435\u0440\u0435\u0432\u043d\u0435\/","og_site_name":"Russian Art Collection","article_modified_time":"2023-12-31T20:47:42+00:00","og_image":[{"width":1024,"height":1024,"url":"https:\/\/www.russianartcollection.com\/wp-content\/uploads\/2021\/09\/Zelinskij_Vladimir_Zolotaja_osenj-web-1024x1024.jpg","type":"image\/jpeg"}],"twitter_card":"summary_large_image","schema":{"@context":"https:\/\/schema.org","@graph":[{"@type":"WebPage","@id":"https:\/\/www.russianartcollection.com\/\u043f\u0440\u043e\u0438\u0437\u0432\u043e\u0434\/%d0%b7%d0%be%d0%bb%d0%be%d1%82%d0%b0%d1%8f-%d0%be%d1%81%d0%b5%d0%bd%d1%8c-%d0%b2-%d0%b4%d0%b5%d1%80%d0%b5%d0%b2%d0%bd%d0%b5\/","url":"https:\/\/www.russianartcollection.com\/\u043f\u0440\u043e\u0438\u0437\u0432\u043e\u0434\/%d0%b7%d0%be%d0%bb%d0%be%d1%82%d0%b0%d1%8f-%d0%be%d1%81%d0%b5%d0%bd%d1%8c-%d0%b2-%d0%b4%d0%b5%d1%80%d0%b5%d0%b2%d0%bd%d0%b5\/","name":"Zlatna jesen na selu - slikar Zelinski Vladimir Pavlovi\u010d","isPartOf":{"@id":"https:\/\/www.russianartcollection.com\/#website"},"primaryImageOfPage":{"@id":"https:\/\/www.russianartcollection.com\/\u043f\u0440\u043e\u0438\u0437\u0432\u043e\u0434\/%d0%b7%d0%be%d0%bb%d0%be%d1%82%d0%b0%d1%8f-%d0%be%d1%81%d0%b5%d0%bd%d1%8c-%d0%b2-%d0%b4%d0%b5%d1%80%d0%b5%d0%b2%d0%bd%d0%b5\/#primaryimage"},"image":{"@id":"https:\/\/www.russianartcollection.com\/\u043f\u0440\u043e\u0438\u0437\u0432\u043e\u0434\/%d0%b7%d0%be%d0%bb%d0%be%d1%82%d0%b0%d1%8f-%d0%be%d1%81%d0%b5%d0%bd%d1%8c-%d0%b2-%d0%b4%d0%b5%d1%80%d0%b5%d0%b2%d0%bd%d0%b5\/#primaryimage"},"thumbnailUrl":"https:\/\/www.russianartcollection.com\/wp-content\/uploads\/2021\/09\/Zelinskij_Vladimir_Zolotaja_osenj-web-scaled.jpg","datePublished":"2021-09-10T13:42:51+00:00","dateModified":"2023-12-31T20:47:42+00:00","description":"Slike Vladimira Pavlovi\u010da Zelinskog stilski su bliske stvarala\u0161tvu izvanrednog ruskog umetnika Julija Juljevi\u010da Klevera (1850 \u2013 1924)","breadcrumb":{"@id":"https:\/\/www.russianartcollection.com\/\u043f\u0440\u043e\u0438\u0437\u0432\u043e\u0434\/%d0%b7%d0%be%d0%bb%d0%be%d1%82%d0%b0%d1%8f-%d0%be%d1%81%d0%b5%d0%bd%d1%8c-%d0%b2-%d0%b4%d0%b5%d1%80%d0%b5%d0%b2%d0%bd%d0%b5\/#breadcrumb"},"inLanguage":"sr-RS","potentialAction":[{"@type":"ReadAction","target":["https:\/\/www.russianartcollection.com\/\u043f\u0440\u043e\u0438\u0437\u0432\u043e\u0434\/%d0%b7%d0%be%d0%bb%d0%be%d1%82%d0%b0%d1%8f-%d0%be%d1%81%d0%b5%d0%bd%d1%8c-%d0%b2-%d0%b4%d0%b5%d1%80%d0%b5%d0%b2%d0%bd%d0%b5\/"]}]},{"@type":"ImageObject","inLanguage":"sr-RS","@id":"https:\/\/www.russianartcollection.com\/\u043f\u0440\u043e\u0438\u0437\u0432\u043e\u0434\/%d0%b7%d0%be%d0%bb%d0%be%d1%82%d0%b0%d1%8f-%d0%be%d1%81%d0%b5%d0%bd%d1%8c-%d0%b2-%d0%b4%d0%b5%d1%80%d0%b5%d0%b2%d0%bd%d0%b5\/#primaryimage","url":"https:\/\/www.russianartcollection.com\/wp-content\/uploads\/2021\/09\/Zelinskij_Vladimir_Zolotaja_osenj-web-scaled.jpg","contentUrl":"https:\/\/www.russianartcollection.com\/wp-content\/uploads\/2021\/09\/Zelinskij_Vladimir_Zolotaja_osenj-web-scaled.jpg","width":2560,"height":2560,"caption":"\u0412\u043b\u0430\u0434\u0438\u043c\u0438\u0440 \u041f\u0430\u0432\u043b\u043e\u0432\u0438\u0447 \u0417\u0435\u043b\u0438\u043d\u0441\u043a\u0438\u0439"},{"@type":"BreadcrumbList","@id":"https:\/\/www.russianartcollection.com\/\u043f\u0440\u043e\u0438\u0437\u0432\u043e\u0434\/%d0%b7%d0%be%d0%bb%d0%be%d1%82%d0%b0%d1%8f-%d0%be%d1%81%d0%b5%d0%bd%d1%8c-%d0%b2-%d0%b4%d0%b5%d1%80%d0%b5%d0%b2%d0%bd%d0%b5\/#breadcrumb","itemListElement":[{"@type":"ListItem","position":1,"name":"Home","item":"https:\/\/www.russianartcollection.com\/sr\/"},{"@type":"ListItem","position":2,"name":"Shop","item":"https:\/\/www.russianartcollection.com\/sr\/shop\/"},{"@type":"ListItem","position":3,"name":"\u0417\u041b\u0410\u0422\u041d\u0410 \u0408\u0415\u0421\u0415\u041d \u041d\u0410 \u0421\u0415\u041b\u0423"}]},{"@type":"WebSite","@id":"https:\/\/www.russianartcollection.com\/#website","url":"https:\/\/www.russianartcollection.com\/","name":"Russian Art Collection","description":"Russian Art Collection","potentialAction":[{"@type":"SearchAction","target":{"@type":"EntryPoint","urlTemplate":"https:\/\/www.russianartcollection.com\/?s={search_term_string}"},"query-input":{"@type":"PropertyValueSpecification","valueRequired":true,"valueName":"search_term_string"}}],"inLanguage":"sr-RS"}]}},"_links":{"self":[{"href":"https:\/\/www.russianartcollection.com\/sr\/wp-json\/wp\/v2\/product\/7430","targetHints":{"allow":["GET"]}}],"collection":[{"href":"https:\/\/www.russianartcollection.com\/sr\/wp-json\/wp\/v2\/product"}],"about":[{"href":"https:\/\/www.russianartcollection.com\/sr\/wp-json\/wp\/v2\/types\/product"}],"wp:featuredmedia":[{"embeddable":true,"href":"https:\/\/www.russianartcollection.com\/sr\/wp-json\/wp\/v2\/media\/13961"}],"wp:attachment":[{"href":"https:\/\/www.russianartcollection.com\/sr\/wp-json\/wp\/v2\/media?parent=7430"}],"wp:term":[{"taxonomy":"product_brand","embeddable":true,"href":"https:\/\/www.russianartcollection.com\/sr\/wp-json\/wp\/v2\/product_brand?post=7430"},{"taxonomy":"product_cat","embeddable":true,"href":"https:\/\/www.russianartcollection.com\/sr\/wp-json\/wp\/v2\/product_cat?post=7430"},{"taxonomy":"product_tag","embeddable":true,"href":"https:\/\/www.russianartcollection.com\/sr\/wp-json\/wp\/v2\/product_tag?post=7430"}],"curies":[{"name":"wp","href":"https:\/\/api.w.org\/{rel}","templated":true}]}}